{"id":1448,"date":"2022-04-19T11:40:59","date_gmt":"2022-04-19T09:40:59","guid":{"rendered":"https:\/\/officinekaggiotto.com\/prodotto\/nocellara-3-liters-tin\/"},"modified":"2025-03-03T10:54:45","modified_gmt":"2025-03-03T09:54:45","slug":"nocellara-3-liters-tin","status":"publish","type":"product","link":"https:\/\/officinekaggiotto.com\/en\/prodotto\/nocellara-3-liters-tin\/","title":{"rendered":"Nocellara 3-liters tin"},"content":{"rendered":"<h2>FeelAri Nocellara 3-liters tin: a synonymous of excellence a quality<\/h2>\n<p>Officine Kaggiotto is not just a Sicilian company; beyond its name there is a story that wants to hand down and make known the infinite love for a precious land, which deserves respect for the gifts that it is able to provide. We aim to recover that ancestral bond that once united man to his territory and which the modern era seems to have led to forgetting.<br \/>\nIt is precisely with these premises that <strong>Feelari Nocellara<\/strong> was born.<\/p>\n<p>&nbsp;<\/p>\n","protected":false},"excerpt":{"rendered":"<h3>Absolute excellence<\/h3>\n<p>Olive is, without any doubt, one of the main characters of Sicilian agriculture. Nocellara cultivar belongs to this species, and covers a prestigious position. Its cultivation has ancient history among native Sicilian varieties: they were the Greeks who introduced olive cultivation in Sicily.<\/p>\n<p>With the passing of the centuries the cultivation activity has not weakened and indeed has found, since the second half of the 1600s, a notable increase and noteworthy success.<br \/>\nIn 1998 this cultivar obtained the official recognition of protected designation of origin (D.O.P.), which therefore recognizes its importance as well as its high quality and local excellence.Con il passare dei secoli l&#8217;attivit\u00e0 di coltivazione non si \u00e8 affievolita e anzi ha trovato, dalla seconda met\u00e0 del &#8216;600 circa, un aumento notevole e un successo degno di nota.<br \/>Nel 1998 che questa cultivar ottenne il riconoscimento ufficiale di denominazione di origine protetta (D.O.P.), che ne riconosce pertanto l&#8217;importanza oltre che l&#8217;elevata qualit\u00e0 ed eccellenza nostrana.<\/p>\n<h3>Qualities of an excellent olive oil<\/h3>\n<p><strong>Feelari Nocellara<\/strong>, at the end of processing, is a fruity oil of medium intensity which is characterized by an intense aroma which is a mixture of almond, dried tomato, cut grass and artichoke.<br \/>\nDepending on the vintage, the aftertaste could be sweeter or with hints of spiciness; this makes every tasting almost like a discovery.<br \/>\nThe acidity of this oil is very low, even below 0.4% and the color tends to vary from yellow to more intense green notes.<\/p>\n<h3>About the olives<\/h3>\n<p>Nocellara enters really early into the production phase, despite the late time of its ripening. This allows a constant productivity and a sufficiently high oil yield.<br \/>\nLike other olives, it is sensitive to certain conditions that can compromise and damage it.<\/p>\n<p>Nocellara olives are characterized by a very large size: their weight is often over six grams, and olives under four grams are rare. They have a surface dotted with lenticels, large but generally few in number.<br \/>\nThis olive has an excellent relationship between the stone and the pulp, which is very consistent and extremely easy to separate from the internal stone.<\/p>\n<h3><strong>Feelari Nocellara<\/strong><\/h3>\n<p>FeelAri Nocellara is a high-quality olive oil, capable of being perfect both raw and cooked.<br \/>\nIts high smoke point allows it to be cooked safely, differently from other olive oils. The elevated amount of polyphenols makes it a very healthy oil for the human body.<\/p>\n","protected":false},"featured_media":1364,"comment_status":"open","ping_status":"closed","template":"","meta":{"_acf_changed":false},"product_brand":[],"product_cat":[65],"product_tag":[],"class_list":{"0":"post-1448","1":"product","2":"type-product","3":"status-publish","4":"has-post-thumbnail","6":"product_cat-oil","8":"first","9":"instock","10":"shipping-taxable","11":"purchasable","12":"product-type-simple"},"acf":[],"yoast_head":"<!-- This site is optimized with the Yoast SEO Premium plugin v27.4 (Yoast SEO v27.4) - https:\/\/yoast.com\/product\/yoast-seo-premium-wordpress\/ -->\n<title>FeelAri Nocellara 3-liters tin: a synonymous of excellence a quality<\/title>\n<meta name=\"description\" content=\"We aim to recover that ancestral bond with our territory. It is precisely with these premises that Feelari Nocellara was born.\" \/>\n<meta name=\"robots\" content=\"index, follow, max-snippet:-1, max-image-preview:large, max-video-preview:-1\" \/>\n<link rel=\"canonical\" href=\"https:\/\/officinekaggiotto.com\/en\/prodotto\/nocellara-3-liters-tin\/\" \/>\n<meta property=\"og:locale\" content=\"en_US\" \/>\n<meta property=\"og:type\" content=\"article\" \/>\n<meta property=\"og:title\" content=\"Nocellara 3-liters tin\" \/>\n<meta property=\"og:description\" content=\"We aim to recover that ancestral bond with our territory. It is precisely with these premises that Feelari Nocellara was born.\" \/>\n<meta property=\"og:url\" content=\"https:\/\/officinekaggiotto.com\/en\/prodotto\/nocellara-3-liters-tin\/\" \/>\n<meta property=\"og:site_name\" content=\"Officine Kaggiotto\" \/>\n<meta property=\"article:modified_time\" content=\"2025-03-03T09:54:45+00:00\" \/>\n<meta property=\"og:image\" content=\"https:\/\/officinekaggiotto.com\/wp-content\/uploads\/2022\/04\/feelari_nocellara-latta-3l.jpg\" \/>\n\t<meta property=\"og:image:width\" content=\"951\" \/>\n\t<meta property=\"og:image:height\" content=\"1200\" \/>\n\t<meta property=\"og:image:type\" content=\"image\/jpeg\" \/>\n<meta name=\"twitter:card\" content=\"summary_large_image\" \/>\n<script type=\"application\/ld+json\" class=\"yoast-schema-graph\">{\"@context\":\"https:\\\/\\\/schema.org\",\"@graph\":[{\"@type\":\"WebPage\",\"@id\":\"https:\\\/\\\/officinekaggiotto.com\\\/en\\\/prodotto\\\/nocellara-3-liters-tin\\\/\",\"url\":\"https:\\\/\\\/officinekaggiotto.com\\\/en\\\/prodotto\\\/nocellara-3-liters-tin\\\/\",\"name\":\"FeelAri Nocellara 3-liters tin: a synonymous of excellence a quality\",\"isPartOf\":{\"@id\":\"https:\\\/\\\/officinekaggiotto.com\\\/#website\"},\"primaryImageOfPage\":{\"@id\":\"https:\\\/\\\/officinekaggiotto.com\\\/en\\\/prodotto\\\/nocellara-3-liters-tin\\\/#primaryimage\"},\"image\":{\"@id\":\"https:\\\/\\\/officinekaggiotto.com\\\/en\\\/prodotto\\\/nocellara-3-liters-tin\\\/#primaryimage\"},\"thumbnailUrl\":\"https:\\\/\\\/officinekaggiotto.com\\\/wp-content\\\/uploads\\\/2022\\\/04\\\/feelari_nocellara-latta-3l.jpg\",\"datePublished\":\"2022-04-19T09:40:59+00:00\",\"dateModified\":\"2025-03-03T09:54:45+00:00\",\"description\":\"We aim to recover that ancestral bond with our territory. It is precisely with these premises that Feelari Nocellara was born.\",\"breadcrumb\":{\"@id\":\"https:\\\/\\\/officinekaggiotto.com\\\/en\\\/prodotto\\\/nocellara-3-liters-tin\\\/#breadcrumb\"},\"inLanguage\":\"en-US\",\"potentialAction\":[{\"@type\":\"ReadAction\",\"target\":[\"https:\\\/\\\/officinekaggiotto.com\\\/en\\\/prodotto\\\/nocellara-3-liters-tin\\\/\"]}]},{\"@type\":\"ImageObject\",\"inLanguage\":\"en-US\",\"@id\":\"https:\\\/\\\/officinekaggiotto.com\\\/en\\\/prodotto\\\/nocellara-3-liters-tin\\\/#primaryimage\",\"url\":\"https:\\\/\\\/officinekaggiotto.com\\\/wp-content\\\/uploads\\\/2022\\\/04\\\/feelari_nocellara-latta-3l.jpg\",\"contentUrl\":\"https:\\\/\\\/officinekaggiotto.com\\\/wp-content\\\/uploads\\\/2022\\\/04\\\/feelari_nocellara-latta-3l.jpg\",\"width\":951,\"height\":1200},{\"@type\":\"BreadcrumbList\",\"@id\":\"https:\\\/\\\/officinekaggiotto.com\\\/en\\\/prodotto\\\/nocellara-3-liters-tin\\\/#breadcrumb\",\"itemListElement\":[{\"@type\":\"ListItem\",\"position\":1,\"name\":\"Home\",\"item\":\"https:\\\/\\\/officinekaggiotto.com\\\/\"},{\"@type\":\"ListItem\",\"position\":2,\"name\":\"Shop online\",\"item\":\"https:\\\/\\\/officinekaggiotto.com\\\/en\\\/shop\\\/\"},{\"@type\":\"ListItem\",\"position\":3,\"name\":\"Nocellara 3-liters tin\"}]},{\"@type\":\"WebSite\",\"@id\":\"https:\\\/\\\/officinekaggiotto.com\\\/#website\",\"url\":\"https:\\\/\\\/officinekaggiotto.com\\\/\",\"name\":\"Officine Kaggiotto\",\"description\":\"\",\"publisher\":{\"@id\":\"https:\\\/\\\/officinekaggiotto.com\\\/#organization\"},\"potentialAction\":[{\"@type\":\"SearchAction\",\"target\":{\"@type\":\"EntryPoint\",\"urlTemplate\":\"https:\\\/\\\/officinekaggiotto.com\\\/?s={search_term_string}\"},\"query-input\":{\"@type\":\"PropertyValueSpecification\",\"valueRequired\":true,\"valueName\":\"search_term_string\"}}],\"inLanguage\":\"en-US\"},{\"@type\":\"Organization\",\"@id\":\"https:\\\/\\\/officinekaggiotto.com\\\/#organization\",\"name\":\"Officine Kaggiotto\",\"url\":\"https:\\\/\\\/officinekaggiotto.com\\\/\",\"logo\":{\"@type\":\"ImageObject\",\"inLanguage\":\"en-US\",\"@id\":\"https:\\\/\\\/officinekaggiotto.com\\\/#\\\/schema\\\/logo\\\/image\\\/\",\"url\":\"https:\\\/\\\/officinekaggiotto.com\\\/wp-content\\\/uploads\\\/2021\\\/11\\\/kaggiotto-logo-purple.svg\",\"contentUrl\":\"https:\\\/\\\/officinekaggiotto.com\\\/wp-content\\\/uploads\\\/2021\\\/11\\\/kaggiotto-logo-purple.svg\",\"width\":434,\"height\":131,\"caption\":\"Officine Kaggiotto\"},\"image\":{\"@id\":\"https:\\\/\\\/officinekaggiotto.com\\\/#\\\/schema\\\/logo\\\/image\\\/\"}}]}<\/script>\n<!-- \/ Yoast SEO Premium plugin. -->","yoast_head_json":{"title":"FeelAri Nocellara 3-liters tin: a synonymous of excellence a quality","description":"We aim to recover that ancestral bond with our territory. It is precisely with these premises that Feelari Nocellara was born.","robots":{"index":"index","follow":"follow","max-snippet":"max-snippet:-1","max-image-preview":"max-image-preview:large","max-video-preview":"max-video-preview:-1"},"canonical":"https:\/\/officinekaggiotto.com\/en\/prodotto\/nocellara-3-liters-tin\/","og_locale":"en_US","og_type":"article","og_title":"Nocellara 3-liters tin","og_description":"We aim to recover that ancestral bond with our territory. It is precisely with these premises that Feelari Nocellara was born.","og_url":"https:\/\/officinekaggiotto.com\/en\/prodotto\/nocellara-3-liters-tin\/","og_site_name":"Officine Kaggiotto","article_modified_time":"2025-03-03T09:54:45+00:00","og_image":[{"width":951,"height":1200,"url":"https:\/\/officinekaggiotto.com\/wp-content\/uploads\/2022\/04\/feelari_nocellara-latta-3l.jpg","type":"image\/jpeg"}],"twitter_card":"summary_large_image","schema":{"@context":"https:\/\/schema.org","@graph":[{"@type":"WebPage","@id":"https:\/\/officinekaggiotto.com\/en\/prodotto\/nocellara-3-liters-tin\/","url":"https:\/\/officinekaggiotto.com\/en\/prodotto\/nocellara-3-liters-tin\/","name":"FeelAri Nocellara 3-liters tin: a synonymous of excellence a quality","isPartOf":{"@id":"https:\/\/officinekaggiotto.com\/#website"},"primaryImageOfPage":{"@id":"https:\/\/officinekaggiotto.com\/en\/prodotto\/nocellara-3-liters-tin\/#primaryimage"},"image":{"@id":"https:\/\/officinekaggiotto.com\/en\/prodotto\/nocellara-3-liters-tin\/#primaryimage"},"thumbnailUrl":"https:\/\/officinekaggiotto.com\/wp-content\/uploads\/2022\/04\/feelari_nocellara-latta-3l.jpg","datePublished":"2022-04-19T09:40:59+00:00","dateModified":"2025-03-03T09:54:45+00:00","description":"We aim to recover that ancestral bond with our territory. It is precisely with these premises that Feelari Nocellara was born.","breadcrumb":{"@id":"https:\/\/officinekaggiotto.com\/en\/prodotto\/nocellara-3-liters-tin\/#breadcrumb"},"inLanguage":"en-US","potentialAction":[{"@type":"ReadAction","target":["https:\/\/officinekaggiotto.com\/en\/prodotto\/nocellara-3-liters-tin\/"]}]},{"@type":"ImageObject","inLanguage":"en-US","@id":"https:\/\/officinekaggiotto.com\/en\/prodotto\/nocellara-3-liters-tin\/#primaryimage","url":"https:\/\/officinekaggiotto.com\/wp-content\/uploads\/2022\/04\/feelari_nocellara-latta-3l.jpg","contentUrl":"https:\/\/officinekaggiotto.com\/wp-content\/uploads\/2022\/04\/feelari_nocellara-latta-3l.jpg","width":951,"height":1200},{"@type":"BreadcrumbList","@id":"https:\/\/officinekaggiotto.com\/en\/prodotto\/nocellara-3-liters-tin\/#breadcrumb","itemListElement":[{"@type":"ListItem","position":1,"name":"Home","item":"https:\/\/officinekaggiotto.com\/"},{"@type":"ListItem","position":2,"name":"Shop online","item":"https:\/\/officinekaggiotto.com\/en\/shop\/"},{"@type":"ListItem","position":3,"name":"Nocellara 3-liters tin"}]},{"@type":"WebSite","@id":"https:\/\/officinekaggiotto.com\/#website","url":"https:\/\/officinekaggiotto.com\/","name":"Officine Kaggiotto","description":"","publisher":{"@id":"https:\/\/officinekaggiotto.com\/#organization"},"potentialAction":[{"@type":"SearchAction","target":{"@type":"EntryPoint","urlTemplate":"https:\/\/officinekaggiotto.com\/?s={search_term_string}"},"query-input":{"@type":"PropertyValueSpecification","valueRequired":true,"valueName":"search_term_string"}}],"inLanguage":"en-US"},{"@type":"Organization","@id":"https:\/\/officinekaggiotto.com\/#organization","name":"Officine Kaggiotto","url":"https:\/\/officinekaggiotto.com\/","logo":{"@type":"ImageObject","inLanguage":"en-US","@id":"https:\/\/officinekaggiotto.com\/#\/schema\/logo\/image\/","url":"https:\/\/officinekaggiotto.com\/wp-content\/uploads\/2021\/11\/kaggiotto-logo-purple.svg","contentUrl":"https:\/\/officinekaggiotto.com\/wp-content\/uploads\/2021\/11\/kaggiotto-logo-purple.svg","width":434,"height":131,"caption":"Officine Kaggiotto"},"image":{"@id":"https:\/\/officinekaggiotto.com\/#\/schema\/logo\/image\/"}}]}},"_links":{"self":[{"href":"https:\/\/officinekaggiotto.com\/en\/wp-json\/wp\/v2\/product\/1448","targetHints":{"allow":["GET"]}}],"collection":[{"href":"https:\/\/officinekaggiotto.com\/en\/wp-json\/wp\/v2\/product"}],"about":[{"href":"https:\/\/officinekaggiotto.com\/en\/wp-json\/wp\/v2\/types\/product"}],"replies":[{"embeddable":true,"href":"https:\/\/officinekaggiotto.com\/en\/wp-json\/wp\/v2\/comments?post=1448"}],"wp:featuredmedia":[{"embeddable":true,"href":"https:\/\/officinekaggiotto.com\/en\/wp-json\/wp\/v2\/media\/1364"}],"wp:attachment":[{"href":"https:\/\/officinekaggiotto.com\/en\/wp-json\/wp\/v2\/media?parent=1448"}],"wp:term":[{"taxonomy":"product_brand","embeddable":true,"href":"https:\/\/officinekaggiotto.com\/en\/wp-json\/wp\/v2\/product_brand?post=1448"},{"taxonomy":"product_cat","embeddable":true,"href":"https:\/\/officinekaggiotto.com\/en\/wp-json\/wp\/v2\/product_cat?post=1448"},{"taxonomy":"product_tag","embeddable":true,"href":"https:\/\/officinekaggiotto.com\/en\/wp-json\/wp\/v2\/product_tag?post=1448"}],"curies":[{"name":"wp","href":"https:\/\/api.w.org\/{rel}","templated":true}]}}